{"id":12164,"date":"2020-11-24T12:01:57","date_gmt":"2020-11-24T12:01:57","guid":{"rendered":"http:\/\/192.168.0.108\/braintech\/?page_id=12164"},"modified":"2024-07-09T16:57:05","modified_gmt":"2024-07-09T14:57:05","slug":"about","status":"publish","type":"page","link":"https:\/\/ticsacperu.com\/en\/about\/","title":{"rendered":"ABOUT"},"content":{"rendered":"\t\t<div data-elementor-type=\"wp-page\" data-elementor-id=\"12164\" class=\"elementor elementor-12164\">\n\t\t\t\t\t\t<section class=\"elementor-section elementor-top-section elementor-element elementor-element-b3a7298 elementor-section-full_width elementor-section-stretched elementor-section-height-default elementor-section-height-default\" data-id=\"b3a7298\" data-element_type=\"section\" data-settings=\"{&quot;stretch_section&quot;:&quot;section-stretched&quot;,&quot;background_background&quot;:&quot;classic&quot;}\">\n\t\t\t\t\t\t<div class=\"elementor-container elementor-column-gap-default\">\n\t\t\t\t\t<div class=\"elementor-column elementor-col-100 elementor-top-column elementor-element elementor-element-5fcc27b\" data-id=\"5fcc27b\" data-element_type=\"column\">\n\t\t\t<div class=\"elementor-widget-wrap elementor-element-populated\">\n\t\t\t\t\t\t<section class=\"elementor-section elementor-inner-section elementor-element elementor-element-f68885f elementor-section-content-middle elementor-section-boxed elementor-section-height-default elementor-section-height-default\" data-id=\"f68885f\" data-element_type=\"section\">\n\t\t\t\t\t\t<div class=\"elementor-container elementor-column-gap-default\">\n\t\t\t\t\t<div class=\"elementor-column elementor-col-50 elementor-inner-column elementor-element elementor-element-c2c1fb8\" data-id=\"c2c1fb8\" data-element_type=\"column\">\n\t\t\t<div class=\"elementor-widget-wrap elementor-element-populated\">\n\t\t\t\t\t\t<div class=\"elementor-element elementor-element-47a4f34 elementor-widget elementor-widget-rs-image-shabe-animation-effect\" data-id=\"47a4f34\" data-element_type=\"widget\" data-widget_type=\"rs-image-shabe-animation-effect.default\">\n\t\t\t\t<div class=\"elementor-widget-container\">\n\t\t\t\t\t\n        <div class=\"rs-animation-shape-image\">\n\n                            <div class=\"pattern\">\n                    <img decoding=\"async\" class=\"scale2\" src=\"https:\/\/ticsacperu.com\/wp-content\/uploads\/2020\/11\/about-effect-1.png\" alt=\"image\"\/>\n                <\/div>\n            \n\n                            <div class=\"middle-image\">\n                    <img decoding=\"async\" src=\"https:\/\/ticsacperu.com\/wp-content\/uploads\/2024\/06\/qs-ticsac.png\" alt=\"image\"\/>\n                <\/div>\n            \n\n                            <div class=\"shape\">\n                    <img decoding=\"async\" class=\"dance\" src=\"https:\/\/ticsacperu.com\/wp-content\/uploads\/2020\/12\/dotted-3.png\" alt=\"image\"\/>\n                <\/div>\n            \n\n            \n\n\n        <\/div>      \n    \t\t\t\t<\/div>\n\t\t\t\t<\/div>\n\t\t\t\t\t<\/div>\n\t\t<\/div>\n\t\t\t\t<div class=\"elementor-column elementor-col-50 elementor-inner-column elementor-element elementor-element-cc40be7\" data-id=\"cc40be7\" data-element_type=\"column\">\n\t\t\t<div class=\"elementor-widget-wrap elementor-element-populated\">\n\t\t\t\t\t\t<div class=\"elementor-element elementor-element-273e746 elementor-widget elementor-widget-rs-heading\" data-id=\"273e746\" data-element_type=\"widget\" data-widget_type=\"rs-heading.default\">\n\t\t\t\t<div class=\"elementor-widget-container\">\n\t\t\t\t\t        <div class=\"rs-heading default  \">\r\n        \t<div class=\"title-inner\">        \t\t      \t\t\r\n\t            <span class=\"sub-text \">ABOUT US<\/span><h2 class=\"title\"><span class=\"watermark\"><\/span>SUSTAINABLE FUTURE, INNOVATIVE VISION AND IDENTITY<\/h2>\t\t\t\t\t        <\/div>\r\n\t                    \t<div class=\"description\">\r\n            \t\t<p style=\"text-align: justify\">Technical Inspection Company SAC is positioned as a benchmark in the project and engineering industry, specializing in the provision of technical inspection services and innovative solutions for projects in the mining, gas, oil, energy and more sectors. Our mission is to design solutions that generate value for our customers, our employees and shareholders. We are committed to developing competencies to manage projects efficiently and with a focus on business innovation at a global level.<\/p>            \t\t\r\n            \t<\/div>\r\n        \t        <\/div>\r\n\r\n        \t\t\t\t<\/div>\n\t\t\t\t<\/div>\n\t\t\t\t\t<\/div>\n\t\t<\/div>\n\t\t\t\t\t<\/div>\n\t\t<\/section>\n\t\t\t\t\t<\/div>\n\t\t<\/div>\n\t\t\t\t\t<\/div>\n\t\t<\/section>\n\t\t\t\t<section class=\"elementor-section elementor-top-section elementor-element elementor-element-0280b11 elementor-section-full_width elementor-section-stretched elementor-section-height-default elementor-section-height-default\" data-id=\"0280b11\" data-element_type=\"section\" data-settings=\"{&quot;stretch_section&quot;:&quot;section-stretched&quot;,&quot;background_background&quot;:&quot;classic&quot;}\">\n\t\t\t\t\t\t<div class=\"elementor-container elementor-column-gap-default\">\n\t\t\t\t\t<div class=\"elementor-column elementor-col-100 elementor-top-column elementor-element elementor-element-f5bf5ec\" data-id=\"f5bf5ec\" data-element_type=\"column\">\n\t\t\t<div class=\"elementor-widget-wrap elementor-element-populated\">\n\t\t\t\t\t\t<section class=\"elementor-section elementor-inner-section elementor-element elementor-element-a85bbdf elementor-section-boxed elementor-section-height-default elementor-section-height-default\" data-id=\"a85bbdf\" data-element_type=\"section\">\n\t\t\t\t\t\t<div class=\"elementor-container elementor-column-gap-default\">\n\t\t\t\t\t<div class=\"elementor-column elementor-col-100 elementor-inner-column elementor-element elementor-element-335a7bb\" data-id=\"335a7bb\" data-element_type=\"column\">\n\t\t\t<div class=\"elementor-widget-wrap elementor-element-populated\">\n\t\t\t\t\t\t<div class=\"elementor-element elementor-element-07ed65d elementor-widget elementor-widget-rs-heading\" data-id=\"07ed65d\" data-element_type=\"widget\" data-widget_type=\"rs-heading.default\">\n\t\t\t\t<div class=\"elementor-widget-container\">\n\t\t\t\t\t        <div class=\"rs-heading style15  \">\r\n        \t<div class=\"title-inner\">        \t\t      \t\t\r\n\t            <h2 class=\"title\"><span class=\"watermark\"><\/span>HISTORICAL REVIEW.<\/h2>\t\t\t\t\t        <\/div>\r\n\t                <\/div>\r\n\r\n        \t\t\t\t<\/div>\n\t\t\t\t<\/div>\n\t\t\t\t<div class=\"elementor-element elementor-element-7ddc9a2 elementor-widget elementor-widget-text-editor\" data-id=\"7ddc9a2\" data-element_type=\"widget\" data-widget_type=\"text-editor.default\">\n\t\t\t\t<div class=\"elementor-widget-container\">\n\t\t\t\t\t\t\t\t\t<p>Technical Inspection Company SAC, founded in 2018 by Jos\u00e9 P\u00edo Fern\u00e1ndez and Karina Copaja Chilo, arises from the experience accumulated in leading companies in the development of industrial projects and mega mining projects. Its vision is to be a reliable partner in the domestic market, improving the quality and safety of its customers&#8217; assets.<\/p><p>With a consolidated track record and deep understanding of the industry, it offers high-quality technical inspection solutions, maintaining an unwavering commitment to excellence and customer satisfaction.<\/p><p>Today, Technical Inspection Company SAC continues as a leader in technical inspection, providing value to its customers and collaborators. With solid experience and focus on continuous improvement, it is ready to face challenges and be a trusted partner.<\/p>\t\t\t\t\t\t\t\t<\/div>\n\t\t\t\t<\/div>\n\t\t<div class=\"elementor-element elementor-element-9fc7272 e-grid e-con-boxed e-con e-parent\" data-id=\"9fc7272\" data-element_type=\"container\">\n\t\t\t\t\t<div class=\"e-con-inner\">\n\t\t\t\t<div class=\"elementor-element elementor-element-9146741 elementor-widget elementor-widget-text-editor\" data-id=\"9146741\" data-element_type=\"widget\" data-widget_type=\"text-editor.default\">\n\t\t\t\t<div class=\"elementor-widget-container\">\n\t\t\t\t\t\t\t\t\t<h3><span style=\"color: #ffffff;\"><strong>MISSION<\/strong><\/span><\/h3><p>We design solutions that generate value for our customers, collaborators and shareholders. We develop competencies to manage projects; Greenfield, Brownfield, with global business innovation.<\/p>\t\t\t\t\t\t\t\t<\/div>\n\t\t\t\t<\/div>\n\t\t\t\t<div class=\"elementor-element elementor-element-7ca22e8 elementor-widget elementor-widget-text-editor\" data-id=\"7ca22e8\" data-element_type=\"widget\" data-widget_type=\"text-editor.default\">\n\t\t\t\t<div class=\"elementor-widget-container\">\n\t\t\t\t\t\t\t\t\t<h3><span style=\"color: #ffffff;\"><strong>VISION<\/strong><\/span><\/h3>\nTo be recognized in the global market for our versatile, intelligent and sustainable leadership in the development of mining and industrial projects.\t\t\t\t\t\t\t\t<\/div>\n\t\t\t\t<\/div>\n\t\t\t\t<div class=\"elementor-element elementor-element-1251853 elementor-widget elementor-widget-text-editor\" data-id=\"1251853\" data-element_type=\"widget\" data-widget_type=\"text-editor.default\">\n\t\t\t\t<div class=\"elementor-widget-container\">\n\t\t\t\t\t\t\t\t\t<h3><span style=\"color: #ffffff;\"><strong>VALUES<\/strong><\/span><\/h3>\n<ul>\n \t<li>Leadership,<\/li>\n \t<li>Innovation,<\/li>\n \t<li>Accountability,<\/li>\n \t<li>Integrity and Trust<\/li>\n<\/ul>\t\t\t\t\t\t\t\t<\/div>\n\t\t\t\t<\/div>\n\t\t\t\t\t<\/div>\n\t\t\t\t<\/div>\n\t\t\t\t\t<\/div>\n\t\t<\/div>\n\t\t\t\t\t<\/div>\n\t\t<\/section>\n\t\t\t\t\t<\/div>\n\t\t<\/div>\n\t\t\t\t\t<\/div>\n\t\t<\/section>\n\t\t<div class=\"elementor-element elementor-element-c65b29a e-flex e-con-boxed e-con e-parent\" data-id=\"c65b29a\" data-element_type=\"container\">\n\t\t\t\t\t<div class=\"e-con-inner\">\n\t\t\t\t<div class=\"elementor-element elementor-element-b57a1af elementor-widget elementor-widget-rs-heading\" data-id=\"b57a1af\" data-element_type=\"widget\" data-widget_type=\"rs-heading.default\">\n\t\t\t\t<div class=\"elementor-widget-container\">\n\t\t\t\t\t        <div class=\"rs-heading default  \">\r\n        \t<div class=\"title-inner\">        \t\t      \t\t\r\n\t            <h2 class=\"title\"><span class=\"watermark\"><\/span>OUR BRAND AND LOGO<\/h2>\t\t\t\t\t        <\/div>\r\n\t                    \t<div class=\"description\">\r\n            \t\t<p style=\"text-align: justify\">Our brand, \"Technical Inspection Company\", arises as a response to the growing demand for high-quality and reliable technical inspection services in the evaluation of products, facilities and services. The company was born with a clear vision: to set new standards in the industry and provide comprehensive and customized solutions for its customers.<\/p><p style=\"text-align: justify\">The color blue is essential for us, as it represents security, firmness and transparency. At Technical Inspection Company, this color symbolizes our integrity and accuracy in every inspection. This assures our customers that their products or services meet the highest standards of quality and trust.<\/p><p style=\"text-align: justify\">The choice of two upline cadres reflects our vision and commitment to continuous progress. These charts represent both the firm start of the company and its secure and promising future, suggesting an upward path of growth, innovation, and constant improvement. This visual symbol of continuous progress and evolution reinforces our commitment to always be one step ahead in the industry and ready to meet the challenges of tomorrow with confidence and determination.<\/p>            \t\t\r\n            \t<\/div>\r\n        \t        <\/div>\r\n\r\n        \t\t\t\t<\/div>\n\t\t\t\t<\/div>\n\t\t\t\t<div class=\"elementor-element elementor-element-bcc01f5 elementor-invisible elementor-widget elementor-widget-image\" data-id=\"bcc01f5\" data-element_type=\"widget\" data-settings=\"{&quot;_animation&quot;:&quot;fadeIn&quot;}\" data-widget_type=\"image.default\">\n\t\t\t\t<div class=\"elementor-widget-container\">\n\t\t\t\t\t\t\t\t\t\t\t\t\t\t\t<img fetchpriority=\"high\" decoding=\"async\" width=\"1589\" height=\"300\" src=\"https:\/\/ticsacperu.com\/en\/wp-content\/uploads\/2024\/07\/branding-ticsac.png\" class=\"attachment-full size-full wp-image-23166\" alt=\"\" srcset=\"https:\/\/ticsacperu.com\/en\/wp-content\/uploads\/2024\/07\/branding-ticsac.png 1589w, https:\/\/ticsacperu.com\/en\/wp-content\/uploads\/2024\/07\/branding-ticsac-300x57.png 300w, https:\/\/ticsacperu.com\/en\/wp-content\/uploads\/2024\/07\/branding-ticsac-1024x193.png 1024w, https:\/\/ticsacperu.com\/en\/wp-content\/uploads\/2024\/07\/branding-ticsac-768x145.png 768w, https:\/\/ticsacperu.com\/en\/wp-content\/uploads\/2024\/07\/branding-ticsac-1536x290.png 1536w, https:\/\/ticsacperu.com\/en\/wp-content\/uploads\/2024\/07\/branding-ticsac-600x113.png 600w\" sizes=\"(max-width: 1589px) 100vw, 1589px\" \/>\t\t\t\t\t\t\t\t\t\t\t\t\t\t\t<\/div>\n\t\t\t\t<\/div>\n\t\t\t\t\t<\/div>\n\t\t\t\t<\/div>\n\t\t\t\t<\/div>\n\t\t","protected":false},"excerpt":{"rendered":"<p>ABOUT US SUSTAINABLE FUTURE, INNOVATIVE VISION AND IDENTITY Technical Inspection Company SAC is positioned as a benchmark in the project and engineering industry, specializing in the provision of technical inspection services and innovative solutions for projects in the mining, gas, oil, energy and more sectors. Our mission is to design solutions that generate value for&#8230;<\/p>\n","protected":false},"author":1,"featured_media":0,"parent":0,"menu_order":0,"comment_status":"closed","ping_status":"closed","template":"","meta":{"_joinchat":[],"footnotes":""},"class_list":["post-12164","page","type-page","status-publish","hentry"],"_links":{"self":[{"href":"https:\/\/ticsacperu.com\/en\/wp-json\/wp\/v2\/pages\/12164","targetHints":{"allow":["GET"]}}],"collection":[{"href":"https:\/\/ticsacperu.com\/en\/wp-json\/wp\/v2\/pages"}],"about":[{"href":"https:\/\/ticsacperu.com\/en\/wp-json\/wp\/v2\/types\/page"}],"author":[{"embeddable":true,"href":"https:\/\/ticsacperu.com\/en\/wp-json\/wp\/v2\/users\/1"}],"replies":[{"embeddable":true,"href":"https:\/\/ticsacperu.com\/en\/wp-json\/wp\/v2\/comments?post=12164"}],"version-history":[{"count":121,"href":"https:\/\/ticsacperu.com\/en\/wp-json\/wp\/v2\/pages\/12164\/revisions"}],"predecessor-version":[{"id":23172,"href":"https:\/\/ticsacperu.com\/en\/wp-json\/wp\/v2\/pages\/12164\/revisions\/23172"}],"wp:attachment":[{"href":"https:\/\/ticsacperu.com\/en\/wp-json\/wp\/v2\/media?parent=12164"}],"curies":[{"name":"wp","href":"https:\/\/api.w.org\/{rel}","templated":true}]}}